{"id":624,"date":"2024-01-11T10:35:04","date_gmt":"2024-01-11T09:35:04","guid":{"rendered":"https:\/\/hotelmilanosimple.it\/privacy-policy\/"},"modified":"2024-02-09T12:23:02","modified_gmt":"2024-02-09T11:23:02","slug":"privacy-policy","status":"publish","type":"page","link":"https:\/\/hotelmilanosimple.it\/fr\/privacy-policy\/","title":{"rendered":"Privacy Policy"},"content":{"rendered":"\t\t<div data-elementor-type=\"wp-page\" data-elementor-id=\"624\" class=\"elementor elementor-624 elementor-3\" data-elementor-post-type=\"page\">\n\t\t\t\t<div class=\"elementor-element elementor-element-12eeed7 e-flex e-con-boxed e-con e-parent\" data-id=\"12eeed7\" data-element_type=\"container\" data-e-type=\"container\">\n\t\t\t\t\t<div class=\"e-con-inner\">\n\t\t\t\t<div class=\"elementor-element elementor-element-b640090 elementor-widget elementor-widget-heading\" data-id=\"b640090\" data-element_type=\"widget\" data-e-type=\"widget\" data-widget_type=\"heading.default\">\n\t\t\t\t<div class=\"elementor-widget-container\">\n\t\t\t\t\t<h2 class=\"elementor-heading-title elementor-size-default\">Privacy Policy<\/h2>\t\t\t\t<\/div>\n\t\t\t\t<\/div>\n\t\t\t\t\t<\/div>\n\t\t\t\t<\/div>\n\t\t<div class=\"elementor-element elementor-element-40811ed e-flex e-con-boxed e-con e-parent\" data-id=\"40811ed\" data-element_type=\"container\" data-e-type=\"container\">\n\t\t\t\t\t<div class=\"e-con-inner\">\n\t\t\t\t<div class=\"elementor-element elementor-element-8ad9a76 elementor-widget elementor-widget-text-editor\" data-id=\"8ad9a76\" data-element_type=\"widget\" data-e-type=\"widget\" data-widget_type=\"text-editor.default\">\n\t\t\t\t<div class=\"elementor-widget-container\">\n\t\t\t\t\t\t\t\t\t<h4>Traitement des donn\u00e9es personnelles<\/h4><p>Conform\u00e9ment au D. L\u00e9g. N\u00b0 196 du 30 juin 2003, Code en mati\u00e8re de protection des informations \u00e0 caract\u00e8re personnel, Hotel Milano Resort &amp;Suite, titulaire du traitement, communique ce qui suit. L\u2019adresse IP (Protocole Internet) du client, n\u2019est en aucune mani\u00e8re enregistr\u00e9e ou utilis\u00e9e; aucun fichier (cookie) n\u2019est sauvegard\u00e9 sur l\u2019ordinateur de l\u2019utilisateur, exception faite pour les fichiers cr\u00e9\u00e9s par le browser sp\u00e9cifique utilis\u00e9 pour la navigation.<\/p><p>Le pr\u00e9sent site peut contenir des connexions \u00e0 d\u2019autres sites. Hotel Milano Resort &amp;Suite\u00a0n\u2019est de toute fa\u00e7on pas responsable pour les pratiques de protection de la vie priv\u00e9e ou pour le contenu d\u2019autres sites.<\/p><p>Hotel Milano Resort &amp;Suite\u00a0g\u00e8re les donn\u00e9es et les statistiques relatives aux acc\u00e8s au site; la collecte des informations est absolument anonyme et ne concerne ni adresses IP ni informations \u201csensibles\u201d du navigateur.<\/p><p>Le responsable du traitement des informations est:<\/p><p>Hotel Milano ***s<br \/>Lungomare C. Colombo, 40<br \/>47814 Bellaria \u2013 Rimini (RN)&gt; ITALY<br \/>Tel. +39 0541\/344235<br \/>Fax +39 0541\/344152<br \/>info@milanoresort.it<\/p><h4>Que sont les cookies?<\/h4><p>Les cookies sont de petits fichiers de texte que les sites envoient aux terminaux des utilisateurs qui les ont visit\u00e9s et dans lesquels ils sont m\u00e9moris\u00e9s pour \u00eatre ensuite retransmis aux m\u00eames sites d\u2019origine \u00e0 l\u2019occasion de nouvelles visites.<\/p><h4>A quoi servent-ils?<\/h4><p>Ils servent \u00e0 faciliter la navigation et l\u2019interaction avec un site web, permettant de m\u00e9moriser les pr\u00e9f\u00e9rences indiqu\u00e9es, d\u2019analyser le comportement et l\u2019utilisation des outils pr\u00e9pos\u00e9s \u00e0 l\u2019am\u00e9lioration de l\u2019exp\u00e9rience de l\u2019utilisateur.<\/p><h4>Quels sont les diff\u00e9rents types de cookies existants?<\/h4><p>Il existe plusieurs types de cookies, \u00e0 savoir, techniques, de suivi analytique, d\u2019int\u00e9gration de produits et de profilage. Nous nous arr\u00eaterons sur les cookies techniques et de profilage.<\/p><h4>\u00a0<\/h4><h4>Les cookies techniques<\/h4><p>Cette typologie de cookies permet de favoriser un fonctionnement correct du site. Sans eux, le site pourrait en effet ne pas \u00eatre visualis\u00e9 correctement ou ses parties et ses fonctionnalit\u00e9s pourraient ne pas \u00eatre exploitables dans leur totalit\u00e9. Pour cette raison, les cookies techniques ne peuvent pas \u00eatre d\u00e9sactiv\u00e9s.Les cookies techniques peuvent \u00eatre permanents (c\u2018est-\u00e0-dire qu\u2019ils demeurent en vie jusqu\u2019\u00e0 leur date d\u2019\u00e9ch\u00e9ance) ou de session (\u00e0 la fermeture du navigateur, ils sont d\u00e9truits pour \u00eatre recr\u00e9\u00e9s au nouvel acc\u00e8s).<\/p><h4>Les cookies de profilage<\/h4><p>Ces cookies sont utilis\u00e9s pour collecter des informations sur l\u2019utilisateur \u00e0 pouvoir ensuite utiliser \u00e0 des fins promotionnelles et publicitaires. Les cookies de profilage peuvent \u00eatre propri\u00e9taires ou tierce partie. Pour ce type de cookies, l\u2019acceptation explicite est demand\u00e9e et ils peuvent \u00eatre d\u00e9sactiv\u00e9s \u00e0 tout moment.<\/p><h4>Cookies\u00a0techniques utilis\u00e9s par \u201cmilanoresort.itwp\u201d<\/h4><h4>Nom<\/h4><p>Typologie<\/p><p>Dur\u00e9e<\/p><p>Fonction<\/p><p>_mvtrack<\/p><p>technicien cookie<\/p><p>1 an<\/p><p>Sert \u00e0 tracer le parcours effectu\u00e9 par l\u2019utilisateur lors de sa navigation jusqu\u2019au renseignement d\u2019un formulaire d\u2019informations. Utilis\u00e9 pour l\u2019envoi de mises \u00e0 jour sur les offres et les newsletters<\/p><p>absChoosen<\/p><p>technicien cookie<\/p><p>1 heure<\/p><p>Sert \u00e0 tracer le parcours effectu\u00e9 par l\u2019utilisateur lors de sa navigation jusqu\u2019au renseignement d\u2019un formulaire d\u2019informations. Utilis\u00e9 pour l\u2019envoi de mises \u00e0 jour sur les offres et les newsletters.<\/p><p>_jsuid<br \/>_eventqueue<br \/>_custom_data_*<br \/>_referrer_og<br \/>_utm_og<br \/>_first_pageview<br \/>heatmaps_g2g_<br \/>unpoco_*<br \/>,no_tracky_*<br \/>clicky_olark<\/p><p>troisi\u00e8me parties cookies de profilage<\/p><p>20 an<\/p><p>Ce cookie contient en son sein un nombre qui est g\u00e9n\u00e9r\u00e9 de fa\u00e7on al\u00e9atoire la premi\u00e8re fois que vous visitez le site . Son seul but est de mieux identifier de nouveaux visiteurs et de visiteurs uniques sur le site .<\/p><p>_referrer_og<\/p><p>technicien cookie<\/p><p>90 jours<\/p><p>Ce cookie stocke la r\u00e9f\u00e9rence externe du visiteur de sorte que, lors de visites ult\u00e9rieures , le r\u00e9f\u00e9rent est attach\u00e9 \u00e0 ses sessions<\/p><p>PHPSESSID<\/p><p>technicien cookie<\/p><p>fermeture navigateur<\/p><p>Le cookie PHPSESSID est un cookie natif de PHP et permet aux sites Web de m\u00e9moriser des donn\u00e9es sur l\u2019\u00e9tat de la session. Il est utilis\u00e9 dans le site Web pour \u00e9tablir une session utilisateur et pour communiquer les donn\u00e9es sur l\u2019\u00e9tat au moyen d\u2019un cookie temporaire, commun\u00e9ment d\u00e9nomm\u00e9 cookie de session. Le cookie PHPSESSID n\u2019ayant pas d\u2019\u00e9ch\u00e9ance temporelle, il dispara\u00eet lorsque l\u2019on ferme le client.<\/p><p>CMSSESSID<br \/>cms_passhash<br \/>cms_admin_user_id<br \/>_sx_<\/p><p>technicien cookie<\/p><p>fermeture navigateur<\/p><p>Utilis\u00e9 par CMS Made Simple pour am\u00e9liorer la gestion des sessions par rapport \u00e0 PHPSESSID<\/p><p>_ga<\/p><p>troisi\u00e8me parties cookies de profilage 2 ans servant \u00e0 distinguer les utilisateurs \u2013 n\u00e9cessit\u00e9 de services tiers Google Analytics<br \/>_dc_gtm_UA<\/p><p>troisi\u00e8me parties cookies de profilage 2 ans servant \u00e0 distinguer les utilisateurs \u2013 n\u00e9cessit\u00e9 de services tiers Google Analytics<br \/>Cookies tierce partie<\/p><p>Google Analytics Cookies<\/p><p>Notre site utilise Google Analytics de Google, Inc., un service offrant des statistiques de mesure et<\/p><p>d\u2019analyse des performances du site, par le biais de l\u2019utilisation de cookies. Pour consulter la note<\/p><p>d\u2019information concernant la protection de la vie priv\u00e9e du service Google Analytics, visiter la page<\/p><p>http:\/\/www.google.com\/intl\/en\/analytics\/privacyoverview.html. Pour les clauses de protection de la vie<\/p><p>priv\u00e9e de Google, nous signalons l\u2019adresse suivante http:\/\/www.google.com\/intl\/it\/privacy\/privacy-<\/p><p>policy.html.)<\/p><p>Google Adwords &amp; Google Remarketing Cookies<\/p><p>Ce site internet pourrait utiliser Google Adwords et la technologie Google Remarketing. Ils sont tous<\/p><p>deux g\u00e9r\u00e9s par Google Inc. La fonction de contr\u00f4le des conversions de AdWords utilise \u00e9galement les<\/p><p>cookies. Pour nous aider \u00e0 garder une trace des ventes et d\u2019autres conversions, un cookie est ajout\u00e9<\/p><p>\u00e0 l\u2019ordinateur d\u2019un utilisateur lorsque ce m\u00eame client clique sur une annonce. Pour en savoir plus,<\/p><p>visiter: https:\/\/www.google.es\/intl\/it\/policies\/privacy\/.<\/p><p>Enfin, l\u2019utilisateur peut d\u00e9sactiver les cookies de Google Analytics en t\u00e9l\u00e9chargeant un plugin<\/p><p>sp\u00e9cifique du navigateur disponible \u00e0 l\u2019URL suivante https:\/\/tools.google.com\/dlpage\/gaoptout.<\/p><p>Clicky<\/p><p>En outre, ce site pourrait utiliser des cookies de performance par le biais du service d\u2019analyse de<\/p><p>l\u2019utilisation \u201cClicky\u201d, dans le but d\u2019effectuer des relev\u00e9s statistiques. Clicky est un outil de suivi<\/p><p>analytique web qui permet principalement aux propri\u00e9taires de sites web de comprendre les modalit\u00e9s<\/p><p>d\u2019interaction des visiteurs avec leurs propres sites web. Pour plus d\u2019informations:<\/p><p>http:\/\/clicky.com\/terms<\/p><p>Mouseflow<\/p><p>Ce site pourrait utiliser Mouseflow, un service de statistique et de heat mapping fourni par Mouseflow<\/p><p>ApS. Les cookies g\u00e9n\u00e9r\u00e9s par Mouseflow servent \u00e0 d\u00e9terminer les espaces d\u2019une page qui font l\u2019objet<\/p><p>du passage du curseur ou de clics de souris de fa\u00e7on \u00e0 noter lesquels d\u2019entre eux attirent le plus<\/p><p>grand int\u00e9r\u00eat. L\u2019opt out de la collecte et de l\u2019archivage des donn\u00e9es de la part de Mouseflow peut \u00eatre<\/p><p>effectu\u00e9 \u00e0 tout moment en suivant les instructions contenues au lien suivant:<\/p><p><blockquote class=\"wp-embedded-content\" data-secret=\"4tdBsVAmin\"><a href=\"https:\/\/mouseflow.com\/opt-out\/\">Opt out of Mouseflow<\/a><\/blockquote><iframe class=\"wp-embedded-content\" sandbox=\"allow-scripts\" security=\"restricted\" style=\"position: absolute; clip: rect(1px, 1px, 1px, 1px);\" title=\"&#8220;Opt out of Mouseflow&#8221; &#8212; Mouseflow\" src=\"https:\/\/mouseflow.com\/opt-out\/embed\/#?secret=Vt4Q1c9kIH#?secret=4tdBsVAmin\" data-secret=\"4tdBsVAmin\" width=\"600\" height=\"338\" frameborder=\"0\" marginwidth=\"0\" marginheight=\"0\" scrolling=\"no\"><\/iframe><\/p><p>Des informations suppl\u00e9mentaires sur le logiciel et sur la politique de confidentialit\u00e9 de Mouseflow<\/p><p>sont disponibles sur: http:\/\/mouseflow.com\/privacy\/<\/p><p>CrazyEgg<\/p><p>Ce site pourrait utiliser CrazyEgg, un service de suivi analytique en ligne de Crazy Egg, Inc.<\/p><p>(\u201cCrazyEgg\u201d), qui exploite les cookies pour analyser l\u2019utilisation de notre site Web.<\/p><p>L\u2019opt out de la collecte et de l\u2019archivage des donn\u00e9es de la part de CrazyEgg peut \u00eatre effectu\u00e9 \u00e0 tout<\/p><p>moment en suivant les instructions contenues au lien suivant:<\/p><p>http:\/\/www.crazyegg.com\/opt-out<\/p><p>Des informations suppl\u00e9mentaires sur le logiciel et sur la politique de confidentialit\u00e9 de CrazyEgg sont<\/p><p>disponibles sur: http:\/\/www.crazyegg.com\/privacy<\/p><p>Plugin et widget Social<\/p><p>Ce site pourrait utiliser des plugins pour permettre aux utilisateurs de r\u00e9seaux sociaux de partager<\/p><p>des contenus qu\u2019ils appr\u00e9cient avec leurs \u201camis\u201d (et proposer d\u2019autres fonctionnalit\u00e9s connexes<\/p><p>comme la publication de commentaires). Ces plugins archivent et acc\u00e8dent aux cookies dans le<\/p><p>terminal de l\u2019appareil de l\u2019utilisateur afin de consentir au r\u00e9seau social de rep\u00e9rer les membres<\/p><p>lorsqu\u2019ils interagissent avec ces m\u00eames plugins.<\/p><p>En particulier, les plugins de Facebook, Twitter et Google +1, Youtube, Instagram, Linkedin pourraient<\/p><p>\u00eatre utilis\u00e9s.<\/p><p>\uf0b7 Facebook: http:\/\/www.facebook.com\/about\/privacy<\/p><p>\uf0b7 Facebook note d\u2019information: https:\/\/www.facebook.com\/help\/cookies\/<\/p><p>\uf0b7 Twitter: https:\/\/twitter.com\/privacy<\/p><p>\uf0b7 Twitter notes d\u2019information: https:\/\/support.twitter.com\/articles\/20170514<\/p><p>\uf0b7 Twitter (configuration): https:\/\/twitter.com\/settings\/security<\/p><p>\uf0b7 Google+ note d\u2019information: http:\/\/www.google.it\/intl\/it\/policies\/technologies\/cookies\/<\/p><p>\uf0b7 Google+ (configuration): http:\/\/www.google.it\/intl\/it\/policies\/technologies\/managing\/<\/p><p>\uf0b7 Linkedin note d\u2019information: https:\/\/www.linkedin.com\/legal\/cookie-policy<\/p><p>\uf0b7 Linkedin (configuration): https:\/\/www.linkedin.com\/settings\/<\/p><p>\uf0b7 Instagram: https:\/\/instagram.com\/legal\/cookies\/<\/p><p>\uf0b7 Youtube: http:\/\/www.google.co.uk\/intl\/it\/policies\/<\/p><p>Publicit\u00e9 comportementale en ligne de tierces parties sp\u00e9cialis\u00e9es et gestion<\/p><p>des campagnes publicitaires<\/p><p>Ces cookies, install\u00e9s par des soci\u00e9t\u00e9s tierces qui agissent dans le domaine du profilage en ligne,<\/p><p>permettent de cr\u00e9er un profil anonyme des navigateurs sur la base de leur exp\u00e9rience de navigation<\/p><p>sur ce site et sur tous les autres. De cette mani\u00e8re, il est possible de vous fournir une publicit\u00e9 cibl\u00e9e<\/p><p>sur vos int\u00e9r\u00eats au lieu d\u2019une publicit\u00e9 plus g\u00e9n\u00e9rale.<\/p><p>Ces cookies ne sont pas g\u00e9r\u00e9s par notre soci\u00e9t\u00e9 et sont class\u00e9s comme des cookies tierce partie, ou<\/p><p>third party cookies. Vous pouvez contr\u00f4ler les soci\u00e9t\u00e9s qui installent ces types de cookies par le biais<\/p><p>du site:<\/p><p>http:\/\/www.youronlinechoices.com\/it\/le-tue-scelte<\/p><p>Comment d\u00e9sactiver les cookies par la configuration du navigateur<\/p><p>D\u00e9couvrez comment d\u00e9sactiver les cookies sur les principaux navigateurs: Chrome, Firefox, Internet<\/p><p>Explorer, Safari, Opera. Apr\u00e8s cette op\u00e9ration, certaines fonctions de pages web pourraient toutefois<\/p><p>ne pas \u00eatre ex\u00e9cut\u00e9es correctement.<\/p><p>Cette page est visible, au moyen du lien figurant au bas de toutes les pages du site, conform\u00e9ment \u00e0<\/p><p>l\u2019art. 122, deuxi\u00e8me alin\u00e9a, du D. l\u00e9gisl. 196\/2003 et selon les modalit\u00e9s simplifi\u00e9es concernant la<\/p><p>note d\u2019information et l\u2019acquisition du consentement pour l\u2019utilisation des cookies publi\u00e9es sur le<\/p><p>journal officiel Gazzetta Ufficiale n\u00b0 126 du 3 juin 2014 et sur le registre des mesures n\u00b0 229 du 8 mai<\/p><p>2014 qui s\u2019y rapporte.<\/p><p><strong>Traitement des donn\u00e9es personnelles<\/strong><\/p><p>A l\u2019Hotel Milano, nous consid\u00e9rons la protection de votre vie priv\u00e9e comme tr\u00e8simportante; pour cette raison, nous traitons les donn\u00e9es vous concernant avec soin, conform\u00e9ment au D.L\u00e9gisl. n\u00b0 196\/2003 du Code en mati\u00e8re de protection des donn\u00e9es personnelles, nous r\u00e9f\u00e9rant \u00e9galement \u00e0 la Recommandation n\u00b0 2\/2001 que les autorit\u00e9s europ\u00e9ennes pour la protection desdonn\u00e9es personnelles, r\u00e9unies au sein du groupe institu\u00e9 par l\u2019art.29 de la directive europ\u00e9ennen\u00b095\/46\/CE, ont adopt\u00e9 le 17 mai 2001 afin de d\u00e9terminer certaines exigences minimales concernantla collecte des donn\u00e9es personnelles en ligne.<\/p><p><strong>\u00a0Titulaire du traitement de donn\u00e9es<\/strong><\/p><p>A la suite de la consultation de ce site, des donn\u00e9es relatives \u00e0 des personnes identifi\u00e9es ouidentifiables peuvent \u00eatre trait\u00e9es. Le titulaire du traitement de donn\u00e9es est: Hotel Milano, via C. Colombo 40 Bellaria, Rimini Italia \u2013 email info@milanoresort.it \u2013 P.IVA 01862780408 \u2013 003340020407<\/p><p><strong>Nature facultative de la fourniture de donn\u00e9es<\/strong><\/p><p>L\u2019utilisateur est libre de fournir les donn\u00e9es personnelles figurant sur les formulaires de demande \u00e0 l\u2019Hotel Milano Resort ou indiqu\u00e9es quoi qu\u2019il en soit dans des contacts pour demander l\u2019envoi de mat\u00e9riel informatif ou d\u2019autres communications. Leur non-fourniture peut comporter l\u2019impossibilit\u00e9 d\u2019obtenir les informations\/prestations demand\u00e9es.<\/p><p><strong>Modalit\u00e9s du traitement<\/strong><\/p><p>Les donn\u00e9es personnelles sont trait\u00e9es \u00e0 l\u2019aide d\u2019instruments automatis\u00e9s pour la p\u00e9riode de temps strictement n\u00e9cessaire \u00e0 atteindre les buts pour lesquels elles ont \u00e9t\u00e9 collect\u00e9es. De sp\u00e9cifiquesmesures de s\u00e9curit\u00e9 sont observ\u00e9es pour pr\u00e9venir la perte des donn\u00e9es, leur utilisation illicite ou incorrecte et tout acc\u00e8s non autoris\u00e9 \u00e0 celles-ci.<\/p><p><strong>Droits des personnes int\u00e9ress\u00e9es<\/strong><\/p><p>Les personnes concern\u00e9es par les donn\u00e9es personnelles disposent \u00e0 tout moment du droit d\u2019obtenir la confirmation de l\u2019existence ou non de ces m\u00eames donn\u00e9es et d\u2019en conna\u00eetre le contenu et l\u2019origine,d\u2019en v\u00e9rifier l\u2019exactitude ou d\u2019en demander l\u2019int\u00e9gration ou la mise \u00e0 jour, ou encore la rectification (art.7 du D. L\u00e9gisl. n\u00b0 196\/2003). Aux termes du m\u00eame article, elles disposent du droit de demander l\u2019effacement, la transformation sous forme anonyme ou le blocage des donn\u00e9es trait\u00e9es en violation de la loi, ainsi que de s\u2019opposer, de toute fa\u00e7on, pour des motifs l\u00e9gitimes, \u00e0 leur traitement.<\/p><p>En cas de doutes concernant le respect de la politique de confidentialit\u00e9 adopt\u00e9e par l\u2019Hotel Milano, vous pouvez nous contacter \u00e0 l\u2019adresse e-mail: info@milanoresort.it<\/p>\t\t\t\t\t\t\t\t<\/div>\n\t\t\t\t<\/div>\n\t\t\t\t\t<\/div>\n\t\t\t\t<\/div>\n\t\t\t\t<\/div>\n\t\t","protected":false},"excerpt":{"rendered":"<p>Privacy Policy Traitement des donn\u00e9es personnelles Conform\u00e9ment au D. L\u00e9g. N\u00b0 196 du 30 juin 2003, Code en mati\u00e8re de protection des informations \u00e0 caract\u00e8re personnel, Hotel Milano Resort &amp;Suite, titulaire du traitement, communique ce qui suit. L\u2019adresse IP (Protocole Internet) du client, n\u2019est en aucune mani\u00e8re enregistr\u00e9e ou utilis\u00e9e; aucun fichier (cookie) n\u2019est sauvegard\u00e9&hellip; <a class=\"more-link\" href=\"https:\/\/hotelmilanosimple.it\/fr\/privacy-policy\/\">Poursuivre la lecture <span class=\"screen-reader-text\">Privacy Policy<\/span><\/a><\/p>\n","protected":false},"author":3,"featured_media":0,"parent":0,"menu_order":0,"comment_status":"closed","ping_status":"open","template":"elementor_canvas","meta":{"footnotes":""},"class_list":["post-624","page","type-page","status-publish","hentry","entry"],"yoast_head":"<!-- This site is optimized with the Yoast SEO plugin v27.0 - https:\/\/yoast.com\/product\/yoast-seo-wordpress\/ -->\n<title>Privacy Policy - Hotel Milano Simple<\/title>\n<meta name=\"robots\" content=\"index, follow, max-snippet:-1, max-image-preview:large, max-video-preview:-1\" \/>\n<link rel=\"canonical\" href=\"https:\/\/hotelmilanosimple.it\/privacy-policy\/\" \/>\n<meta property=\"og:locale\" content=\"fr_FR\" \/>\n<meta property=\"og:type\" content=\"article\" \/>\n<meta property=\"og:title\" content=\"Privacy Policy - Hotel Milano Simple\" \/>\n<meta property=\"og:description\" content=\"Privacy Policy Traitement des donn\u00e9es personnelles Conform\u00e9ment au D. L\u00e9g. N\u00b0 196 du 30 juin 2003, Code en mati\u00e8re de protection des informations \u00e0 caract\u00e8re personnel, Hotel Milano Resort &amp;Suite, titulaire du traitement, communique ce qui suit. L\u2019adresse IP (Protocole Internet) du client, n\u2019est en aucune mani\u00e8re enregistr\u00e9e ou utilis\u00e9e; aucun fichier (cookie) n\u2019est sauvegard\u00e9&hellip; Poursuivre la lecture Privacy Policy\" \/>\n<meta property=\"og:url\" content=\"https:\/\/hotelmilanosimple.it\/privacy-policy\/\" \/>\n<meta property=\"og:site_name\" content=\"Hotel Milano Simple\" \/>\n<meta property=\"article:modified_time\" content=\"2024-02-09T11:23:02+00:00\" \/>\n<meta name=\"twitter:card\" content=\"summary_large_image\" \/>\n<meta name=\"twitter:label1\" content=\"Dur\u00e9e de lecture estim\u00e9e\" \/>\n\t<meta name=\"twitter:data1\" content=\"10 minutes\" \/>\n<script type=\"application\/ld+json\" class=\"yoast-schema-graph\">{\"@context\":\"https:\/\/schema.org\",\"@graph\":[{\"@type\":\"WebPage\",\"@id\":\"https:\/\/hotelmilanosimple.it\/privacy-policy\/\",\"url\":\"https:\/\/hotelmilanosimple.it\/privacy-policy\/\",\"name\":\"Privacy Policy - Hotel Milano Simple\",\"isPartOf\":{\"@id\":\"https:\/\/hotelmilanosimple.it\/#website\"},\"datePublished\":\"2024-01-11T09:35:04+00:00\",\"dateModified\":\"2024-02-09T11:23:02+00:00\",\"breadcrumb\":{\"@id\":\"https:\/\/hotelmilanosimple.it\/privacy-policy\/#breadcrumb\"},\"inLanguage\":\"fr-FR\",\"potentialAction\":[{\"@type\":\"ReadAction\",\"target\":[\"https:\/\/hotelmilanosimple.it\/privacy-policy\/\"]}]},{\"@type\":\"BreadcrumbList\",\"@id\":\"https:\/\/hotelmilanosimple.it\/privacy-policy\/#breadcrumb\",\"itemListElement\":[{\"@type\":\"ListItem\",\"position\":1,\"name\":\"Home\",\"item\":\"https:\/\/hotelmilanosimple.it\/\"},{\"@type\":\"ListItem\",\"position\":2,\"name\":\"Privacy Policy\"}]},{\"@type\":\"WebSite\",\"@id\":\"https:\/\/hotelmilanosimple.it\/#website\",\"url\":\"https:\/\/hotelmilanosimple.it\/\",\"name\":\"Hotel Milano Simple\",\"description\":\"\",\"potentialAction\":[{\"@type\":\"SearchAction\",\"target\":{\"@type\":\"EntryPoint\",\"urlTemplate\":\"https:\/\/hotelmilanosimple.it\/?s={search_term_string}\"},\"query-input\":{\"@type\":\"PropertyValueSpecification\",\"valueRequired\":true,\"valueName\":\"search_term_string\"}}],\"inLanguage\":\"fr-FR\"}]}<\/script>\n<!-- \/ Yoast SEO plugin. -->","yoast_head_json":{"title":"Privacy Policy - Hotel Milano Simple","robots":{"index":"index","follow":"follow","max-snippet":"max-snippet:-1","max-image-preview":"max-image-preview:large","max-video-preview":"max-video-preview:-1"},"canonical":"https:\/\/hotelmilanosimple.it\/privacy-policy\/","og_locale":"fr_FR","og_type":"article","og_title":"Privacy Policy - Hotel Milano Simple","og_description":"Privacy Policy Traitement des donn\u00e9es personnelles Conform\u00e9ment au D. L\u00e9g. N\u00b0 196 du 30 juin 2003, Code en mati\u00e8re de protection des informations \u00e0 caract\u00e8re personnel, Hotel Milano Resort &amp;Suite, titulaire du traitement, communique ce qui suit. L\u2019adresse IP (Protocole Internet) du client, n\u2019est en aucune mani\u00e8re enregistr\u00e9e ou utilis\u00e9e; aucun fichier (cookie) n\u2019est sauvegard\u00e9&hellip; Poursuivre la lecture Privacy Policy","og_url":"https:\/\/hotelmilanosimple.it\/privacy-policy\/","og_site_name":"Hotel Milano Simple","article_modified_time":"2024-02-09T11:23:02+00:00","twitter_card":"summary_large_image","twitter_misc":{"Dur\u00e9e de lecture estim\u00e9e":"10 minutes"},"schema":{"@context":"https:\/\/schema.org","@graph":[{"@type":"WebPage","@id":"https:\/\/hotelmilanosimple.it\/privacy-policy\/","url":"https:\/\/hotelmilanosimple.it\/privacy-policy\/","name":"Privacy Policy - Hotel Milano Simple","isPartOf":{"@id":"https:\/\/hotelmilanosimple.it\/#website"},"datePublished":"2024-01-11T09:35:04+00:00","dateModified":"2024-02-09T11:23:02+00:00","breadcrumb":{"@id":"https:\/\/hotelmilanosimple.it\/privacy-policy\/#breadcrumb"},"inLanguage":"fr-FR","potentialAction":[{"@type":"ReadAction","target":["https:\/\/hotelmilanosimple.it\/privacy-policy\/"]}]},{"@type":"BreadcrumbList","@id":"https:\/\/hotelmilanosimple.it\/privacy-policy\/#breadcrumb","itemListElement":[{"@type":"ListItem","position":1,"name":"Home","item":"https:\/\/hotelmilanosimple.it\/"},{"@type":"ListItem","position":2,"name":"Privacy Policy"}]},{"@type":"WebSite","@id":"https:\/\/hotelmilanosimple.it\/#website","url":"https:\/\/hotelmilanosimple.it\/","name":"Hotel Milano Simple","description":"","potentialAction":[{"@type":"SearchAction","target":{"@type":"EntryPoint","urlTemplate":"https:\/\/hotelmilanosimple.it\/?s={search_term_string}"},"query-input":{"@type":"PropertyValueSpecification","valueRequired":true,"valueName":"search_term_string"}}],"inLanguage":"fr-FR"}]}},"_links":{"self":[{"href":"https:\/\/hotelmilanosimple.it\/fr\/wp-json\/wp\/v2\/pages\/624","targetHints":{"allow":["GET"]}}],"collection":[{"href":"https:\/\/hotelmilanosimple.it\/fr\/wp-json\/wp\/v2\/pages"}],"about":[{"href":"https:\/\/hotelmilanosimple.it\/fr\/wp-json\/wp\/v2\/types\/page"}],"author":[{"embeddable":true,"href":"https:\/\/hotelmilanosimple.it\/fr\/wp-json\/wp\/v2\/users\/3"}],"replies":[{"embeddable":true,"href":"https:\/\/hotelmilanosimple.it\/fr\/wp-json\/wp\/v2\/comments?post=624"}],"version-history":[{"count":3,"href":"https:\/\/hotelmilanosimple.it\/fr\/wp-json\/wp\/v2\/pages\/624\/revisions"}],"predecessor-version":[{"id":630,"href":"https:\/\/hotelmilanosimple.it\/fr\/wp-json\/wp\/v2\/pages\/624\/revisions\/630"}],"wp:attachment":[{"href":"https:\/\/hotelmilanosimple.it\/fr\/wp-json\/wp\/v2\/media?parent=624"}],"curies":[{"name":"wp","href":"https:\/\/api.w.org\/{rel}","templated":true}]}}